{"id":982,"date":"2022-10-11T10:09:16","date_gmt":"2022-10-11T10:09:16","guid":{"rendered":"https:\/\/manufaktursolutions.qodeinteractive.com\/?page_id=982"},"modified":"2025-05-27T09:48:33","modified_gmt":"2025-05-27T09:48:33","slug":"domov","status":"publish","type":"page","link":"https:\/\/feagroup.si\/en\/","title":{"rendered":"Home"},"content":{"rendered":"<div data-elementor-type=\"wp-page\" data-elementor-id=\"982\" class=\"elementor elementor-982\" data-elementor-post-type=\"page\">\n\t\t\t\t\t\t<section class=\"elementor-section elementor-top-section elementor-element elementor-element-3998837 elementor-section-full_width elementor-section-height-default elementor-section-height-default qodef-elementor-content-no\" data-id=\"3998837\" data-element_type=\"section\" data-e-type=\"section\">\n\t\t\t\t\t\t<div class=\"elementor-container elementor-column-gap-default\">\n\t\t\t\t\t<div class=\"elementor-column elementor-col-50 elementor-top-column elementor-element elementor-element-0777091 qodef-elementor-sticky-child-fixed\" data-id=\"0777091\" data-element_type=\"column\" data-e-type=\"column\" data-settings=\"{&quot;background_background&quot;:&quot;classic&quot;}\">\n\t\t\t<div class=\"elementor-widget-wrap elementor-element-populated\">\n\t\t\t\t\t<div class=\"elementor-background-overlay\"><\/div>\n\t\t\t\t\t\t<section class=\"elementor-section elementor-inner-section elementor-element elementor-element-90cde1a elementor-section-full_width elementor-section-height-min-height elementor-section-content-bottom elementor-section-height-default qodef-elementor-content-no\" data-id=\"90cde1a\" data-element_type=\"section\" data-e-type=\"section\" data-settings=\"{&quot;background_background&quot;:&quot;classic&quot;}\">\n\t\t\t\t\t\t<div class=\"elementor-container elementor-column-gap-wide\">\n\t\t\t\t\t<div class=\"elementor-column elementor-col-100 elementor-inner-column elementor-element elementor-element-8a39110\" data-id=\"8a39110\" data-element_type=\"column\" data-e-type=\"column\">\n\t\t\t<div class=\"elementor-widget-wrap\">\n\t\t\t\t\t\t\t<\/div>\n\t\t<\/div>\n\t\t\t\t\t<\/div>\n\t\t<\/section>\n\t\t\t\t\t<\/div>\n\t\t<\/div>\n\t\t\t\t<div class=\"elementor-column elementor-col-50 elementor-top-column elementor-element elementor-element-679720b\" data-id=\"679720b\" data-element_type=\"column\" data-e-type=\"column\" data-settings=\"{&quot;background_background&quot;:&quot;classic&quot;}\">\n\t\t\t<div class=\"elementor-widget-wrap elementor-element-populated\">\n\t\t\t\t\t\t<div class=\"elementor-element elementor-element-cbb2aa7 elementor-widget elementor-widget-manufaktursolutions_core_banner\" data-id=\"cbb2aa7\" data-element_type=\"widget\" data-e-type=\"widget\" data-widget_type=\"manufaktursolutions_core_banner.default\">\n\t\t\t\t<div class=\"elementor-widget-container\">\n\t\t\t\t\t<div class=\"qodef-shortcode qodef-m  qodef-banner qodef-layout--link-button  qodef-enable-top-border--yes qodef-disable-line-break--no\">\n\t<div class=\"qodef-m-image\">\n\t<img fetchpriority=\"high\" decoding=\"async\" width=\"1100\" height=\"400\" src=\"https:\/\/feagroup.si\/wp-content\/uploads\/2025\/03\/Izdelek-brez-naslova-10.png\" class=\"attachment-full size-full\" alt=\"\" srcset=\"https:\/\/feagroup.si\/wp-content\/uploads\/2025\/03\/Izdelek-brez-naslova-10.png 1100w, https:\/\/feagroup.si\/wp-content\/uploads\/2025\/03\/Izdelek-brez-naslova-10-300x109.png 300w, https:\/\/feagroup.si\/wp-content\/uploads\/2025\/03\/Izdelek-brez-naslova-10-1024x372.png 1024w, https:\/\/feagroup.si\/wp-content\/uploads\/2025\/03\/Izdelek-brez-naslova-10-768x279.png 768w\" sizes=\"(max-width: 1100px) 100vw, 1100px\" \/><\/div>\n\t<div class=\"qodef-m-content\">\n\t\t<div class=\"qodef-m-content-inner\">\n\t\t\t\t\t\t    <div class=\"qodef-m-title-wrapper\">\n        <h4 class=\"qodef-m-title\" style=\"margin-top: 2px;color: #FF0000\">\n         \tWelding        <\/h4>\n\t<\/div>\n\t\t\t\t\t\t\t<div class=\"qodef-m-button\">\n\t\t<a class=\"qodef-shortcode qodef-m  qodef-button qodef-layout--textual  qodef-html--link\" href=\"https:\/\/feagroup.si\/en\/nase-storitve\/varjenje\/\" target=\"_self\" data-hover-color=\"#FF0000\" style=\"color: #000000;margin: 7px 0px 12px 0px\">\t<span class=\"qodef-m-text\">Read more<\/span>    <span class=\"qodef-m-button-arrow-holder\">\t\t<svg class=\"qodef-svg--button-arrow\" xmlns=\"http:\/\/www.w3.org\/2000\/svg\" width=\"17.65\" height=\"13.1\"     viewbox=\"0 0 17.65 13.1\"><path d=\"m11.75 13.1-1.275-1.275L14.1 8.2l.85-.575-.1-.3-1.025.125H0V5.625h13.825l1.025.15.1-.3-.85-.575-3.625-3.625L11.75 0l5.9 5.9v1.3Z\"\/><path d=\"m11.75 13.1-1.275-1.275L14.1 8.2l.85-.575-.1-.3-1.025.125H0V5.625h13.825l1.025.15.1-.3-.85-.575-3.625-3.625L11.75 0l5.9 5.9v1.3Z\"\/><\/svg>\t<\/span><\/a>\t<\/div>\n\t\t<\/div>\n\t<\/div>\n<\/div>\n\t\t\t\t<\/div>\n\t\t\t\t<\/div>\n\t\t\t\t<div class=\"elementor-element elementor-element-7e0e5c6 elementor-widget elementor-widget-manufaktursolutions_core_banner\" data-id=\"7e0e5c6\" data-element_type=\"widget\" data-e-type=\"widget\" data-widget_type=\"manufaktursolutions_core_banner.default\">\n\t\t\t\t<div class=\"elementor-widget-container\">\n\t\t\t\t\t<div class=\"qodef-shortcode qodef-m  qodef-banner qodef-layout--link-button qodef-skin--light qodef-enable-top-border--yes qodef-disable-line-break--yes\">\n\t<div class=\"qodef-m-image\">\n\t<img decoding=\"async\" width=\"1100\" height=\"400\" src=\"https:\/\/feagroup.si\/wp-content\/uploads\/2025\/02\/Izdelek-brez-naslova-6.png\" class=\"attachment-full size-full\" alt=\"\" srcset=\"https:\/\/feagroup.si\/wp-content\/uploads\/2025\/02\/Izdelek-brez-naslova-6.png 1100w, https:\/\/feagroup.si\/wp-content\/uploads\/2025\/02\/Izdelek-brez-naslova-6-300x109.png 300w, https:\/\/feagroup.si\/wp-content\/uploads\/2025\/02\/Izdelek-brez-naslova-6-1024x372.png 1024w, https:\/\/feagroup.si\/wp-content\/uploads\/2025\/02\/Izdelek-brez-naslova-6-768x279.png 768w\" sizes=\"(max-width: 1100px) 100vw, 1100px\" \/><\/div>\n\t<div class=\"qodef-m-content\">\n\t\t<div class=\"qodef-m-content-inner\">\n\t\t\t\t\t\t    <div class=\"qodef-m-title-wrapper\">\n        <h4 class=\"qodef-m-title\" style=\"margin-top: 2px\">\n         \tSprinkler systems        <\/h4>\n\t<\/div>\n\t\t\t\t\t\t\t<div class=\"qodef-m-button\">\n\t\t<a class=\"qodef-shortcode qodef-m  qodef-button qodef-layout--textual  qodef-html--link\" href=\"https:\/\/feagroup.si\/en\/nase-storitve\/sprinkler-sistemi\/\" target=\"_self\"  style=\"color: #000000;margin: 7px 0px 12px 0px\">\t<span class=\"qodef-m-text\">Read more<\/span>    <span class=\"qodef-m-button-arrow-holder\">\t\t<svg class=\"qodef-svg--button-arrow\" xmlns=\"http:\/\/www.w3.org\/2000\/svg\" width=\"17.65\" height=\"13.1\"     viewbox=\"0 0 17.65 13.1\"><path d=\"m11.75 13.1-1.275-1.275L14.1 8.2l.85-.575-.1-.3-1.025.125H0V5.625h13.825l1.025.15.1-.3-.85-.575-3.625-3.625L11.75 0l5.9 5.9v1.3Z\"\/><path d=\"m11.75 13.1-1.275-1.275L14.1 8.2l.85-.575-.1-.3-1.025.125H0V5.625h13.825l1.025.15.1-.3-.85-.575-3.625-3.625L11.75 0l5.9 5.9v1.3Z\"\/><\/svg>\t<\/span><\/a>\t<\/div>\n\t\t<\/div>\n\t<\/div>\n<\/div>\n\t\t\t\t<\/div>\n\t\t\t\t<\/div>\n\t\t\t\t<div class=\"elementor-element elementor-element-47cf000 elementor-widget elementor-widget-manufaktursolutions_core_banner\" data-id=\"47cf000\" data-element_type=\"widget\" data-e-type=\"widget\" data-widget_type=\"manufaktursolutions_core_banner.default\">\n\t\t\t\t<div class=\"elementor-widget-container\">\n\t\t\t\t\t<div class=\"qodef-shortcode qodef-m  qodef-banner qodef-layout--link-button qodef-skin--light qodef-enable-top-border--yes qodef-disable-line-break--yes\">\n\t<div class=\"qodef-m-image\">\n\t<img decoding=\"async\" width=\"1100\" height=\"400\" src=\"https:\/\/feagroup.si\/wp-content\/uploads\/2025\/02\/Izdelek-brez-naslova-7.png\" class=\"attachment-full size-full\" alt=\"\" srcset=\"https:\/\/feagroup.si\/wp-content\/uploads\/2025\/02\/Izdelek-brez-naslova-7.png 1100w, https:\/\/feagroup.si\/wp-content\/uploads\/2025\/02\/Izdelek-brez-naslova-7-300x109.png 300w, https:\/\/feagroup.si\/wp-content\/uploads\/2025\/02\/Izdelek-brez-naslova-7-1024x372.png 1024w, https:\/\/feagroup.si\/wp-content\/uploads\/2025\/02\/Izdelek-brez-naslova-7-768x279.png 768w\" sizes=\"(max-width: 1100px) 100vw, 1100px\" \/><\/div>\n\t<div class=\"qodef-m-content\">\n\t\t<div class=\"qodef-m-content-inner\">\n\t\t\t\t\t\t    <div class=\"qodef-m-title-wrapper\">\n        <h4 class=\"qodef-m-title\" style=\"margin-top: 2px\">\n         \tCONTACT US        <\/h4>\n\t<\/div>\n\t\t\t\t\t\t\t<div class=\"qodef-m-button\">\n\t\t<a class=\"qodef-shortcode qodef-m  qodef-button qodef-layout--textual  qodef-html--link\" href=\"https:\/\/feagroup.si\/en\/kontakt\/\" target=\"_self\"  style=\"margin: 7px 0px 12px 0px\">\t<span class=\"qodef-m-text\">Here<\/span>    <span class=\"qodef-m-button-arrow-holder\">\t\t<svg class=\"qodef-svg--button-arrow\" xmlns=\"http:\/\/www.w3.org\/2000\/svg\" width=\"17.65\" height=\"13.1\"     viewbox=\"0 0 17.65 13.1\"><path d=\"m11.75 13.1-1.275-1.275L14.1 8.2l.85-.575-.1-.3-1.025.125H0V5.625h13.825l1.025.15.1-.3-.85-.575-3.625-3.625L11.75 0l5.9 5.9v1.3Z\"\/><path d=\"m11.75 13.1-1.275-1.275L14.1 8.2l.85-.575-.1-.3-1.025.125H0V5.625h13.825l1.025.15.1-.3-.85-.575-3.625-3.625L11.75 0l5.9 5.9v1.3Z\"\/><\/svg>\t<\/span><\/a>\t<\/div>\n\t\t<\/div>\n\t<\/div>\n<\/div>\n\t\t\t\t<\/div>\n\t\t\t\t<\/div>\n\t\t\t\t\t<\/div>\n\t\t<\/div>\n\t\t\t\t\t<\/div>\n\t\t<\/section>\n\t\t\t\t<\/div>","protected":false},"excerpt":{"rendered":"<p>Varjenje Preberi ve\u010d \u0160prinkler sistemi Preberi ve\u010d KONTAKTIRAJ NAS Tukaj<\/p>","protected":false},"author":1,"featured_media":8204,"parent":0,"menu_order":0,"comment_status":"closed","ping_status":"closed","template":"page-full-width.php","meta":{"footnotes":""},"class_list":["post-982","page","type-page","status-publish","has-post-thumbnail","hentry"],"_links":{"self":[{"href":"https:\/\/feagroup.si\/en\/wp-json\/wp\/v2\/pages\/982","targetHints":{"allow":["GET"]}}],"collection":[{"href":"https:\/\/feagroup.si\/en\/wp-json\/wp\/v2\/pages"}],"about":[{"href":"https:\/\/feagroup.si\/en\/wp-json\/wp\/v2\/types\/page"}],"author":[{"embeddable":true,"href":"https:\/\/feagroup.si\/en\/wp-json\/wp\/v2\/users\/1"}],"replies":[{"embeddable":true,"href":"https:\/\/feagroup.si\/en\/wp-json\/wp\/v2\/comments?post=982"}],"version-history":[{"count":43,"href":"https:\/\/feagroup.si\/en\/wp-json\/wp\/v2\/pages\/982\/revisions"}],"predecessor-version":[{"id":8724,"href":"https:\/\/feagroup.si\/en\/wp-json\/wp\/v2\/pages\/982\/revisions\/8724"}],"wp:featuredmedia":[{"embeddable":true,"href":"https:\/\/feagroup.si\/en\/wp-json\/wp\/v2\/media\/8204"}],"wp:attachment":[{"href":"https:\/\/feagroup.si\/en\/wp-json\/wp\/v2\/media?parent=982"}],"curies":[{"name":"wp","href":"https:\/\/api.w.org\/{rel}","templated":true}]}}